{"id":2,"date":"2025-09-13T10:42:49","date_gmt":"2025-09-13T10:42:49","guid":{"rendered":""},"modified":"2025-10-06T12:40:36","modified_gmt":"2025-10-06T10:40:36","slug":"startseite","status":"publish","type":"page","link":"https:\/\/www.steinundgarten-wibmer.at\/","title":{"rendered":"Startseite"},"content":{"rendered":"<div class=\"wp-block-image\">\n<figure class=\"aligncenter size-full is-resized\"><img loading=\"lazy\" decoding=\"async\" width=\"193\" height=\"84\" src=\"https:\/\/www.steinundgarten-wibmer.at\/wp-content\/uploads\/2025\/09\/17037-Wibmer-logo-design_12-high-res-1.jpg\" alt=\"\" class=\"wp-image-194\" style=\"width:356px\"\/><\/figure>\n<\/div>\n\n\n<h2 class=\"wp-block-heading alignfull has-text-align-center has-medium-font-size\"><strong> Pflasterung &amp; Gartengestaltung<\/strong> &#8211; <strong>G\u00e4rtnerei-Baumschule<\/strong><\/h2>\n\n\n\n<h2 class=\"wp-block-heading has-text-align-center has-medium-font-size\"><strong>&#8211; ALLES AUS EINER HAND<\/strong><\/h2>\n\n\n\n<div class=\"wp-block-columns is-layout-flex wp-container-core-columns-is-layout-9d6595d7 wp-block-columns-is-layout-flex\">\n<div class=\"wp-block-column is-layout-flow wp-block-column-is-layout-flow\"><div class=\"wp-block-image\">\n<figure class=\"aligncenter size-large is-resized\"><a href=\"tel:+436508624793\"><img loading=\"lazy\" decoding=\"async\" width=\"76\" height=\"70\" src=\"https:\/\/www.steinundgarten-wibmer.at\/wp-content\/uploads\/2025\/09\/image-3.png\" alt=\"\" class=\"wp-image-381\" style=\"width:140px;height:auto\"\/><\/a><figcaption class=\"wp-element-caption\">Pflasterung &amp; Gartengestaltung<\/figcaption><\/figure>\n<\/div><\/div>\n\n\n\n<div class=\"wp-block-column is-layout-flow wp-block-column-is-layout-flow\"><div class=\"wp-block-image\">\n<figure class=\"aligncenter size-large is-resized\"><a href=\"tel:+436649133144\"><img loading=\"lazy\" decoding=\"async\" width=\"76\" height=\"70\" src=\"https:\/\/www.steinundgarten-wibmer.at\/wp-content\/uploads\/2025\/09\/image-4.png\" alt=\"\" class=\"wp-image-382\" style=\"width:141px;height:auto\"\/><\/a><figcaption class=\"wp-element-caption\">Verkauf G\u00e4rtnerei &amp; Baumschule<\/figcaption><\/figure>\n<\/div><\/div>\n<\/div>\n\n\n\n<p class=\"has-medium-font-size\">Unsere Firma wurde im Jahr 2000 als G\u00e4rtnereibetrieb in Oberlienz gegr\u00fcndet. Seither hat sich der Familienbetrieb stetig weiterentwickelt und umfasst heute mehrere Sparten im Gartenbereich.<\/p>\n\n\n\n<p class=\"has-medium-font-size\">In unserer G\u00e4rtnerei bieten wir Ihnen ein vielf\u00e4ltiges Sortiment \u2013 von den ersten Fr\u00fchlingsboten \u00fcber Salat- und Gem\u00fcsepflanzen bis hin zu Beet- und Balkonblumen aus eigener Produktion. Erg\u00e4nzt wird das Angebot durch Samen, D\u00fcnger und hochwertige Erde. Auch im Herbst steht eine sch\u00f6ne Auswahl an saisonalen Pflanzen bereit.<\/p>\n\n\n\n<p class=\"has-medium-font-size\">Sobald es die Temperaturen zulassen, erwartet Sie in der Baumschule eine gro\u00dfe Auswahl an Bodendeckern, Bl\u00fctenstauden, Str\u00e4uchern und Geh\u00f6lzen \u2013 alles, was einen lebendigen und gepflegten Garten ausmacht.<\/p>\n\n\n\n<p class=\"has-medium-font-size\">Seit 2016 z\u00e4hlt auch der Bereich Pflasterung und Gartengestaltung zu unserem Leistungsspektrum. Damit sind wir Ihr zuverl\u00e4ssiger Partner \u2013 von der ersten Pflanze bis zur fertigen Gartenanlage.<\/p>\n\n\n\n<p class=\"has-medium-font-size\">Als kleines Zusatzangebot finden Sie im traditionellen Bauernhaus eine feine Auswahl an \u00dcbert\u00f6pfen, Sch\u00fcsseln, Gartensteckern und Dekoration f\u00fcr Haus und Garten.<\/p>\n\n\n\n<p class=\"has-medium-font-size\">Besuchen Sie uns in Oberlienz \u2013 wir freuen uns auf Sie!<\/p>\n\n\n\n<div style=\"height:40px\" aria-hidden=\"true\" class=\"wp-block-spacer\"><\/div>\n\n\n\n<div class=\"wp-block-group\"><div class=\"wp-block-group__inner-container is-layout-constrained wp-block-group-is-layout-constrained\">\n<div class=\"wp-block-columns is-layout-flex wp-container-core-columns-is-layout-9d6595d7 wp-block-columns-is-layout-flex\">\n<div class=\"wp-block-column is-layout-flow wp-block-column-is-layout-flow\" style=\"flex-basis:100%\">\n<div class=\"wp-block-jetpack-tiled-gallery aligncenter is-style-rectangular\"><div class=\"\"><div class=\"tiled-gallery__gallery\"><div class=\"tiled-gallery__row\"><div class=\"tiled-gallery__col\" style=\"flex-basis:58.13941%\"><figure class=\"tiled-gallery__item\"><img decoding=\"async\" srcset=\"https:\/\/i0.wp.com\/www.steinundgarten-wibmer.at\/wp-content\/uploads\/2025\/09\/Front-1024x903.jpg?strip=info&#038;w=600&#038;ssl=1 600w,https:\/\/i0.wp.com\/www.steinundgarten-wibmer.at\/wp-content\/uploads\/2025\/09\/Front-1024x903.jpg?strip=info&#038;w=900&#038;ssl=1 900w,https:\/\/i0.wp.com\/www.steinundgarten-wibmer.at\/wp-content\/uploads\/2025\/09\/Front-1024x903.jpg?strip=info&#038;w=1200&#038;ssl=1 1200w,https:\/\/i0.wp.com\/www.steinundgarten-wibmer.at\/wp-content\/uploads\/2025\/09\/Front-1024x903.jpg?strip=info&#038;w=1500&#038;ssl=1 1500w,https:\/\/i0.wp.com\/www.steinundgarten-wibmer.at\/wp-content\/uploads\/2025\/09\/Front-1024x903.jpg?strip=info&#038;w=1800&#038;ssl=1 1800w,https:\/\/i0.wp.com\/www.steinundgarten-wibmer.at\/wp-content\/uploads\/2025\/09\/Front-1024x903.jpg?strip=info&#038;w=2000&#038;ssl=1 2000w\" alt=\"\" data-height=\"2257\" data-id=\"111\" data-link=\"https:\/\/www.steinundgarten-wibmer.at\/?attachment_id=111\" data-url=\"https:\/\/www.steinundgarten-wibmer.at\/wp-content\/uploads\/2025\/09\/Front-1024x903.jpg\" data-width=\"2560\" src=\"https:\/\/i0.wp.com\/www.steinundgarten-wibmer.at\/wp-content\/uploads\/2025\/09\/Front-1024x903.jpg?ssl=1\" data-amp-layout=\"responsive\"\/><\/figure><\/div><div class=\"tiled-gallery__col\" style=\"flex-basis:41.86059%\"><figure class=\"tiled-gallery__item\"><img decoding=\"async\" srcset=\"https:\/\/i0.wp.com\/www.steinundgarten-wibmer.at\/wp-content\/uploads\/2025\/09\/Bachlauf-Oberlienz-1-836x1024.jpg?strip=info&#038;w=600&#038;ssl=1 600w,https:\/\/i0.wp.com\/www.steinundgarten-wibmer.at\/wp-content\/uploads\/2025\/09\/Bachlauf-Oberlienz-1-836x1024.jpg?strip=info&#038;w=900&#038;ssl=1 900w,https:\/\/i0.wp.com\/www.steinundgarten-wibmer.at\/wp-content\/uploads\/2025\/09\/Bachlauf-Oberlienz-1-836x1024.jpg?strip=info&#038;w=1200&#038;ssl=1 1200w,https:\/\/i0.wp.com\/www.steinundgarten-wibmer.at\/wp-content\/uploads\/2025\/09\/Bachlauf-Oberlienz-1-836x1024.jpg?strip=info&#038;w=1500&#038;ssl=1 1500w,https:\/\/i0.wp.com\/www.steinundgarten-wibmer.at\/wp-content\/uploads\/2025\/09\/Bachlauf-Oberlienz-1-836x1024.jpg?strip=info&#038;w=1800&#038;ssl=1 1800w,https:\/\/i0.wp.com\/www.steinundgarten-wibmer.at\/wp-content\/uploads\/2025\/09\/Bachlauf-Oberlienz-1-836x1024.jpg?strip=info&#038;w=2000&#038;ssl=1 2000w\" alt=\"\" data-height=\"2560\" data-id=\"200\" data-link=\"https:\/\/www.steinundgarten-wibmer.at\/?attachment_id=200\" data-url=\"https:\/\/www.steinundgarten-wibmer.at\/wp-content\/uploads\/2025\/09\/Bachlauf-Oberlienz-1-836x1024.jpg\" data-width=\"2089\" src=\"https:\/\/i0.wp.com\/www.steinundgarten-wibmer.at\/wp-content\/uploads\/2025\/09\/Bachlauf-Oberlienz-1-836x1024.jpg?ssl=1\" data-amp-layout=\"responsive\"\/><\/figure><\/div><\/div><div class=\"tiled-gallery__row\"><div class=\"tiled-gallery__col\" style=\"flex-basis:68.30517%\"><figure class=\"tiled-gallery__item\"><img decoding=\"async\" srcset=\"https:\/\/i0.wp.com\/www.steinundgarten-wibmer.at\/wp-content\/uploads\/2025\/09\/Die-Schauflaechen-fuer-Pflasterungen-sind-in-Oberlienz-jederzeit-zugaenglich-1-1024x575.jpg?strip=info&#038;w=600&#038;ssl=1 600w,https:\/\/i0.wp.com\/www.steinundgarten-wibmer.at\/wp-content\/uploads\/2025\/09\/Die-Schauflaechen-fuer-Pflasterungen-sind-in-Oberlienz-jederzeit-zugaenglich-1-1024x575.jpg?strip=info&#038;w=900&#038;ssl=1 900w,https:\/\/i0.wp.com\/www.steinundgarten-wibmer.at\/wp-content\/uploads\/2025\/09\/Die-Schauflaechen-fuer-Pflasterungen-sind-in-Oberlienz-jederzeit-zugaenglich-1-1024x575.jpg?strip=info&#038;w=1200&#038;ssl=1 1200w,https:\/\/i0.wp.com\/www.steinundgarten-wibmer.at\/wp-content\/uploads\/2025\/09\/Die-Schauflaechen-fuer-Pflasterungen-sind-in-Oberlienz-jederzeit-zugaenglich-1-1024x575.jpg?strip=info&#038;w=1500&#038;ssl=1 1500w,https:\/\/i0.wp.com\/www.steinundgarten-wibmer.at\/wp-content\/uploads\/2025\/09\/Die-Schauflaechen-fuer-Pflasterungen-sind-in-Oberlienz-jederzeit-zugaenglich-1-1024x575.jpg?strip=info&#038;w=1800&#038;ssl=1 1800w,https:\/\/i0.wp.com\/www.steinundgarten-wibmer.at\/wp-content\/uploads\/2025\/09\/Die-Schauflaechen-fuer-Pflasterungen-sind-in-Oberlienz-jederzeit-zugaenglich-1-1024x575.jpg?strip=info&#038;w=2000&#038;ssl=1 2000w\" alt=\"\" data-height=\"1437\" data-id=\"203\" data-link=\"https:\/\/www.steinundgarten-wibmer.at\/?attachment_id=203\" data-url=\"https:\/\/www.steinundgarten-wibmer.at\/wp-content\/uploads\/2025\/09\/Die-Schauflaechen-fuer-Pflasterungen-sind-in-Oberlienz-jederzeit-zugaenglich-1-1024x575.jpg\" data-width=\"2560\" src=\"https:\/\/i0.wp.com\/www.steinundgarten-wibmer.at\/wp-content\/uploads\/2025\/09\/Die-Schauflaechen-fuer-Pflasterungen-sind-in-Oberlienz-jederzeit-zugaenglich-1-1024x575.jpg?ssl=1\" data-amp-layout=\"responsive\"\/><\/figure><\/div><div class=\"tiled-gallery__col\" style=\"flex-basis:31.69483%\"><figure class=\"tiled-gallery__item\"><img decoding=\"async\" srcset=\"https:\/\/i0.wp.com\/www.steinundgarten-wibmer.at\/wp-content\/uploads\/2025\/09\/Dekoladen-Eingang-844x1024.jpg?strip=info&#038;w=600&#038;ssl=1 600w,https:\/\/i0.wp.com\/www.steinundgarten-wibmer.at\/wp-content\/uploads\/2025\/09\/Dekoladen-Eingang-844x1024.jpg?strip=info&#038;w=900&#038;ssl=1 900w,https:\/\/i0.wp.com\/www.steinundgarten-wibmer.at\/wp-content\/uploads\/2025\/09\/Dekoladen-Eingang-844x1024.jpg?strip=info&#038;w=1080&#038;ssl=1 1080w\" alt=\"\" data-height=\"1310\" data-id=\"202\" data-link=\"https:\/\/www.steinundgarten-wibmer.at\/?attachment_id=202\" data-url=\"https:\/\/www.steinundgarten-wibmer.at\/wp-content\/uploads\/2025\/09\/Dekoladen-Eingang-844x1024.jpg\" data-width=\"1080\" src=\"https:\/\/i0.wp.com\/www.steinundgarten-wibmer.at\/wp-content\/uploads\/2025\/09\/Dekoladen-Eingang-844x1024.jpg?ssl=1\" data-amp-layout=\"responsive\"\/><\/figure><\/div><\/div><div class=\"tiled-gallery__row\"><div class=\"tiled-gallery__col\" style=\"flex-basis:63.83345%\"><figure class=\"tiled-gallery__item\"><img decoding=\"async\" srcset=\"https:\/\/i0.wp.com\/www.steinundgarten-wibmer.at\/wp-content\/uploads\/2025\/09\/1000001413-Kopie-1024x927.jpg?strip=info&#038;w=600&#038;ssl=1 600w,https:\/\/i0.wp.com\/www.steinundgarten-wibmer.at\/wp-content\/uploads\/2025\/09\/1000001413-Kopie-1024x927.jpg?strip=info&#038;w=900&#038;ssl=1 900w,https:\/\/i0.wp.com\/www.steinundgarten-wibmer.at\/wp-content\/uploads\/2025\/09\/1000001413-Kopie-1024x927.jpg?strip=info&#038;w=1200&#038;ssl=1 1200w,https:\/\/i0.wp.com\/www.steinundgarten-wibmer.at\/wp-content\/uploads\/2025\/09\/1000001413-Kopie-1024x927.jpg?strip=info&#038;w=1500&#038;ssl=1 1500w,https:\/\/i0.wp.com\/www.steinundgarten-wibmer.at\/wp-content\/uploads\/2025\/09\/1000001413-Kopie-1024x927.jpg?strip=info&#038;w=1800&#038;ssl=1 1800w,https:\/\/i0.wp.com\/www.steinundgarten-wibmer.at\/wp-content\/uploads\/2025\/09\/1000001413-Kopie-1024x927.jpg?strip=info&#038;w=2000&#038;ssl=1 2000w\" alt=\"\" data-height=\"2318\" data-id=\"163\" data-link=\"https:\/\/www.steinundgarten-wibmer.at\/?attachment_id=163\" data-url=\"https:\/\/www.steinundgarten-wibmer.at\/wp-content\/uploads\/2025\/09\/1000001413-Kopie-1024x927.jpg\" data-width=\"2560\" src=\"https:\/\/i0.wp.com\/www.steinundgarten-wibmer.at\/wp-content\/uploads\/2025\/09\/1000001413-Kopie-1024x927.jpg?ssl=1\" data-amp-layout=\"responsive\"\/><\/figure><\/div><div class=\"tiled-gallery__col\" style=\"flex-basis:36.16655%\"><figure class=\"tiled-gallery__item\"><img decoding=\"async\" srcset=\"https:\/\/i0.wp.com\/www.steinundgarten-wibmer.at\/wp-content\/uploads\/2025\/09\/1000105446-1024x576.jpg?strip=info&#038;w=600&#038;ssl=1 600w,https:\/\/i0.wp.com\/www.steinundgarten-wibmer.at\/wp-content\/uploads\/2025\/09\/1000105446-1024x576.jpg?strip=info&#038;w=900&#038;ssl=1 900w,https:\/\/i0.wp.com\/www.steinundgarten-wibmer.at\/wp-content\/uploads\/2025\/09\/1000105446-1024x576.jpg?strip=info&#038;w=1200&#038;ssl=1 1200w,https:\/\/i0.wp.com\/www.steinundgarten-wibmer.at\/wp-content\/uploads\/2025\/09\/1000105446-1024x576.jpg?strip=info&#038;w=1500&#038;ssl=1 1500w,https:\/\/i0.wp.com\/www.steinundgarten-wibmer.at\/wp-content\/uploads\/2025\/09\/1000105446-1024x576.jpg?strip=info&#038;w=1541&#038;ssl=1 1541w\" alt=\"\" data-height=\"867\" data-id=\"223\" data-link=\"https:\/\/www.steinundgarten-wibmer.at\/?attachment_id=223\" data-url=\"https:\/\/www.steinundgarten-wibmer.at\/wp-content\/uploads\/2025\/09\/1000105446-1024x576.jpg\" data-width=\"1541\" src=\"https:\/\/i0.wp.com\/www.steinundgarten-wibmer.at\/wp-content\/uploads\/2025\/09\/1000105446-1024x576.jpg?ssl=1\" data-amp-layout=\"responsive\"\/><\/figure><figure class=\"tiled-gallery__item\"><img decoding=\"async\" srcset=\"https:\/\/i0.wp.com\/www.steinundgarten-wibmer.at\/wp-content\/uploads\/2025\/09\/20220422_075900-996x1024.jpg?strip=info&#038;w=600&#038;ssl=1 600w,https:\/\/i0.wp.com\/www.steinundgarten-wibmer.at\/wp-content\/uploads\/2025\/09\/20220422_075900-996x1024.jpg?strip=info&#038;w=900&#038;ssl=1 900w,https:\/\/i0.wp.com\/www.steinundgarten-wibmer.at\/wp-content\/uploads\/2025\/09\/20220422_075900-996x1024.jpg?strip=info&#038;w=1200&#038;ssl=1 1200w,https:\/\/i0.wp.com\/www.steinundgarten-wibmer.at\/wp-content\/uploads\/2025\/09\/20220422_075900-996x1024.jpg?strip=info&#038;w=1500&#038;ssl=1 1500w,https:\/\/i0.wp.com\/www.steinundgarten-wibmer.at\/wp-content\/uploads\/2025\/09\/20220422_075900-996x1024.jpg?strip=info&#038;w=1800&#038;ssl=1 1800w,https:\/\/i0.wp.com\/www.steinundgarten-wibmer.at\/wp-content\/uploads\/2025\/09\/20220422_075900-996x1024.jpg?strip=info&#038;w=2000&#038;ssl=1 2000w\" alt=\"\" data-height=\"2560\" data-id=\"170\" data-link=\"https:\/\/www.steinundgarten-wibmer.at\/?attachment_id=170\" data-url=\"https:\/\/www.steinundgarten-wibmer.at\/wp-content\/uploads\/2025\/09\/20220422_075900-996x1024.jpg\" data-width=\"2491\" src=\"https:\/\/i0.wp.com\/www.steinundgarten-wibmer.at\/wp-content\/uploads\/2025\/09\/20220422_075900-996x1024.jpg?ssl=1\" data-amp-layout=\"responsive\"\/><\/figure><\/div><\/div><\/div><\/div><\/div>\n<\/div>\n<\/div>\n<\/div><\/div>\n","protected":false},"excerpt":{"rendered":"<p>Pflasterung &amp; Gartengestaltung &#8211; G\u00e4rtnerei-Baumschule &#8211; ALLES AUS EINER HAND Unsere Firma wurde im Jahr 2000 als G\u00e4rtnereibetrieb in Oberlienz gegr\u00fcndet. Seither hat sich der Familienbetrieb stetig weiterentwickelt und umfasst heute mehrere Sparten im Gartenbereich. In unserer G\u00e4rtnerei bieten wir Ihnen ein vielf\u00e4ltiges Sortiment \u2013 von den ersten Fr\u00fchlingsboten \u00fcber Salat- und Gem\u00fcsepflanzen bis hin zu Beet- und Balkonblumen aus eigener Produktion. Erg\u00e4nzt wird das Angebot durch Samen, D\u00fcnger und hochwertige Erde. Auch im Herbst steht eine sch\u00f6ne Auswahl an saisonalen Pflanzen bereit. Sobald es die Temperaturen zulassen, erwartet Sie in der Baumschule eine gro\u00dfe Auswahl an Bodendeckern, Bl\u00fctenstauden, Str\u00e4uchern und Geh\u00f6lzen \u2013 alles, was einen lebendigen und gepflegten Garten ausmacht. Seit 2016 z\u00e4hlt auch der Bereich Pflasterung und Gartengestaltung zu unserem Leistungsspektrum. Damit sind wir Ihr zuverl\u00e4ssiger Partner \u2013 von der ersten Pflanze bis zur fertigen Gartenanlage. Als kleines Zusatzangebot finden Sie im traditionellen Bauernhaus eine feine Auswahl an \u00dcbert\u00f6pfen, Sch\u00fcsseln, Gartensteckern und Dekoration f\u00fcr Haus und Garten. Besuchen Sie uns in Oberlienz \u2013 wir freuen uns auf Sie!<\/p>\n","protected":false},"author":1,"featured_media":0,"parent":0,"menu_order":0,"comment_status":"closed","ping_status":"closed","template":"","meta":{"footnotes":""},"class_list":["post-2","page","type-page","status-publish","hentry"],"jetpack_sharing_enabled":true,"_links":{"self":[{"href":"https:\/\/www.steinundgarten-wibmer.at\/index.php?rest_route=\/wp\/v2\/pages\/2","targetHints":{"allow":["GET"]}}],"collection":[{"href":"https:\/\/www.steinundgarten-wibmer.at\/index.php?rest_route=\/wp\/v2\/pages"}],"about":[{"href":"https:\/\/www.steinundgarten-wibmer.at\/index.php?rest_route=\/wp\/v2\/types\/page"}],"author":[{"embeddable":true,"href":"https:\/\/www.steinundgarten-wibmer.at\/index.php?rest_route=\/wp\/v2\/users\/1"}],"replies":[{"embeddable":true,"href":"https:\/\/www.steinundgarten-wibmer.at\/index.php?rest_route=%2Fwp%2Fv2%2Fcomments&post=2"}],"version-history":[{"count":39,"href":"https:\/\/www.steinundgarten-wibmer.at\/index.php?rest_route=\/wp\/v2\/pages\/2\/revisions"}],"predecessor-version":[{"id":485,"href":"https:\/\/www.steinundgarten-wibmer.at\/index.php?rest_route=\/wp\/v2\/pages\/2\/revisions\/485"}],"wp:attachment":[{"href":"https:\/\/www.steinundgarten-wibmer.at\/index.php?rest_route=%2Fwp%2Fv2%2Fmedia&parent=2"}],"curies":[{"name":"wp","href":"https:\/\/api.w.org\/{rel}","templated":true}]}}